{"id":33,"date":"2018-12-10T12:00:37","date_gmt":"2018-12-10T12:00:37","guid":{"rendered":"http:\/\/192.168.1.55\/dformacion\/?page_id=33"},"modified":"2024-04-14T11:50:07","modified_gmt":"2024-04-14T11:50:07","slug":"finalidades-del-plan-de-formacion","status":"publish","type":"page","link":"https:\/\/formacion.dguadalajara.es\/?page_id=33","title":{"rendered":"Finalidades del plan de formaci\u00f3n"},"content":{"rendered":"<p>Las actividades formativas impulsadas desde el Departamento de Formaci\u00f3n, pretenden dar respuesta a las finalidades que se indican a continuaci\u00f3n:<\/p>\n<ol>\n<li>\u00abApoyar\/Asistir t\u00e9cnicamente a los Ayuntamientos de la Provincia mediante acciones de formaci\u00f3n-reciclaje para sus empleadas\/os\u00bb.<\/li>\n<li>\u00abAumentar los niveles de eficacia de las empleadas\/os p\u00fablicos de la Provincia mediante su formaci\u00f3n a trav\u00e9s de las acciones formativas organizadas.<\/li>\n<li>\u00abApoyar\/Asistir a los Ayuntamientos de la Provincia mediante acciones formativas dirigidas a Alcaldes y Concejales, en temas propios de la Gesti\u00f3n Municipal\u00bb.<\/li>\n<li>\u00abColaborar con otras Administraciones P\u00fablicas, especialmente con el INAP impartiendo cursos de formaci\u00f3n DESCENTRALIZADOS para los Secretarios- Interventores y al personal T\u00e9cnico, optimizando as\u00ed los recursos p\u00fablicos disponibles\u00bb.<\/li>\n<\/ol>\n","protected":false},"excerpt":{"rendered":"<p>Las actividades formativas impulsadas desde el Departamento de Formaci\u00f3n, pretenden dar respuesta a las finalidades que se indican a continuaci\u00f3n: \u00abApoyar\/Asistir t\u00e9cnicamente a los Ayuntamientos de la Provincia mediante acciones de formaci\u00f3n-reciclaje para sus empleadas\/os\u00bb. \u00abAumentar los niveles de eficacia de las empleadas\/os p\u00fablicos de la Provincia mediante su formaci\u00f3n a trav\u00e9s de las acciones [&hellip;]<\/p>\n","protected":false},"author":1,"featured_media":0,"parent":0,"menu_order":0,"comment_status":"closed","ping_status":"closed","template":"default.php","meta":[],"_links":{"self":[{"href":"https:\/\/formacion.dguadalajara.es\/index.php?rest_route=\/wp\/v2\/pages\/33"}],"collection":[{"href":"https:\/\/formacion.dguadalajara.es\/index.php?rest_route=\/wp\/v2\/pages"}],"about":[{"href":"https:\/\/formacion.dguadalajara.es\/index.php?rest_route=\/wp\/v2\/types\/page"}],"author":[{"embeddable":true,"href":"https:\/\/formacion.dguadalajara.es\/index.php?rest_route=\/wp\/v2\/users\/1"}],"replies":[{"embeddable":true,"href":"https:\/\/formacion.dguadalajara.es\/index.php?rest_route=%2Fwp%2Fv2%2Fcomments&post=33"}],"version-history":[{"count":8,"href":"https:\/\/formacion.dguadalajara.es\/index.php?rest_route=\/wp\/v2\/pages\/33\/revisions"}],"predecessor-version":[{"id":931,"href":"https:\/\/formacion.dguadalajara.es\/index.php?rest_route=\/wp\/v2\/pages\/33\/revisions\/931"}],"wp:attachment":[{"href":"https:\/\/formacion.dguadalajara.es\/index.php?rest_route=%2Fwp%2Fv2%2Fmedia&parent=33"}],"curies":[{"name":"wp","href":"https:\/\/api.w.org\/{rel}","templated":true}]}}