{"id":35,"date":"2018-12-10T12:00:55","date_gmt":"2018-12-10T12:00:55","guid":{"rendered":"http:\/\/192.168.1.55\/dformacion\/?page_id=35"},"modified":"2024-04-14T11:44:13","modified_gmt":"2024-04-14T11:44:13","slug":"objetivos-generales","status":"publish","type":"page","link":"https:\/\/formacion.dguadalajara.es\/?page_id=35","title":{"rendered":"Objetivos generales"},"content":{"rendered":"<p>Los objetivos generales que pretendemos con los Planes de Formaci\u00f3n son los siguientes:<\/p>\n<ul>\n<li>Favorecer la implantaci\u00f3n de Sistemas de Calidad en la gesti\u00f3n, propiciando formaci\u00f3n espec\u00edfica a los departamentos de la Diputaci\u00f3n y entidades locales de la Provincia de Guadalajara.<\/li>\n<li>Apoyar los cambios organizativos necesarios en los diversos Departamentos de la Diputaci\u00f3n Provincial, as\u00ed como los de Ayuntamientos y dem\u00e1s Entidades Locales de la provincia, recogidos a trav\u00e9s del estudio de necesidades formativas.<\/li>\n<li>Propiciar la implantaci\u00f3n de los cambios derivados de la aplicaci\u00f3n de las nuevas normativas legales.<\/li>\n<li>Optimizar el uso de tecnolog\u00edas de informaci\u00f3n y comunicaci\u00f3n, de manera que se consiga una mejora de los servicios a los ciudadanos.<\/li>\n<li>Actualizar los conocimientos de los participantes en relaci\u00f3n con sus puestos de trabajo, de manera que se consiga una adaptaci\u00f3n id\u00f3nea de la persona al puesto.<\/li>\n<li>Facilitar la carrera profesional de los empleados p\u00fablicos locales en los t\u00e9rminos establecidos en el EBEP.<\/li>\n<li>Favorecer el desarrollo de las competencias personales y profesionales de los empleados p\u00fablicos locales de Diputaci\u00f3n, sus Organismos Aut\u00f3nomos, Ayuntamientos y otras Entidades Locales de la Provincia.<\/li>\n<li>Concienciar a los empleados p\u00fablicos locales de la importancia del papel que juegan como servidores de los ciudadanos, transmitiendo a trav\u00e9s de la formaci\u00f3n la cultura y \u00e9tica del servicio p\u00fablico.<\/li>\n<li>Aumentar la capacidad cr\u00edtica de los empleados p\u00fablicos locales, de manera que adquieran una actitud de compromiso frente a la modernizaci\u00f3n de la Administraci\u00f3n Local y a la prestaci\u00f3n de servicios de calidad a los ciudadanos.<\/li>\n<li>Atender a los requisitos y recomendaciones de las pol\u00edticas de la Uni\u00f3n Europea en materia de \u00abeducaci\u00f3n permanente\u00bb.<\/li>\n<\/ul>\n","protected":false},"excerpt":{"rendered":"<p>Los objetivos generales que pretendemos con los Planes de Formaci\u00f3n son los siguientes: Favorecer la implantaci\u00f3n de Sistemas de Calidad en la gesti\u00f3n, propiciando formaci\u00f3n espec\u00edfica a los departamentos de la Diputaci\u00f3n y entidades locales de la Provincia de Guadalajara. Apoyar los cambios organizativos necesarios en los diversos Departamentos de la Diputaci\u00f3n Provincial, as\u00ed como [&hellip;]<\/p>\n","protected":false},"author":1,"featured_media":0,"parent":0,"menu_order":0,"comment_status":"closed","ping_status":"closed","template":"default.php","meta":[],"_links":{"self":[{"href":"https:\/\/formacion.dguadalajara.es\/index.php?rest_route=\/wp\/v2\/pages\/35"}],"collection":[{"href":"https:\/\/formacion.dguadalajara.es\/index.php?rest_route=\/wp\/v2\/pages"}],"about":[{"href":"https:\/\/formacion.dguadalajara.es\/index.php?rest_route=\/wp\/v2\/types\/page"}],"author":[{"embeddable":true,"href":"https:\/\/formacion.dguadalajara.es\/index.php?rest_route=\/wp\/v2\/users\/1"}],"replies":[{"embeddable":true,"href":"https:\/\/formacion.dguadalajara.es\/index.php?rest_route=%2Fwp%2Fv2%2Fcomments&post=35"}],"version-history":[{"count":5,"href":"https:\/\/formacion.dguadalajara.es\/index.php?rest_route=\/wp\/v2\/pages\/35\/revisions"}],"predecessor-version":[{"id":929,"href":"https:\/\/formacion.dguadalajara.es\/index.php?rest_route=\/wp\/v2\/pages\/35\/revisions\/929"}],"wp:attachment":[{"href":"https:\/\/formacion.dguadalajara.es\/index.php?rest_route=%2Fwp%2Fv2%2Fmedia&parent=35"}],"curies":[{"name":"wp","href":"https:\/\/api.w.org\/{rel}","templated":true}]}}