{"id":489,"date":"2021-03-04T12:40:51","date_gmt":"2021-03-04T12:40:51","guid":{"rendered":"http:\/\/formacion.dguadalajara.es\/?page_id=489"},"modified":"2021-03-04T16:19:36","modified_gmt":"2021-03-04T16:19:36","slug":"consulta-el-estado-de-tus-solicitudes-de-cursos","status":"publish","type":"page","link":"https:\/\/formacion.dguadalajara.es\/?page_id=489","title":{"rendered":"Consulta el estado de tus solicitudes de cursos"},"content":{"rendered":"<div role=\"form\" class=\"wpcf7\" id=\"wpcf7-f488-o1\" lang=\"es-ES\" dir=\"ltr\">\n<div class=\"screen-reader-response\"><\/div>\n<form action=\"\/index.php?rest_route=%2Fwp%2Fv2%2Fpages%2F489#wpcf7-f488-o1\" method=\"post\" class=\"wpcf7-form\" novalidate=\"novalidate\">\n<div style=\"display: none;\">\n<input type=\"hidden\" name=\"_wpcf7\" value=\"488\" \/>\n<input type=\"hidden\" name=\"_wpcf7_version\" value=\"5.1.3\" \/>\n<input type=\"hidden\" name=\"_wpcf7_locale\" value=\"es_ES\" \/>\n<input type=\"hidden\" name=\"_wpcf7_unit_tag\" value=\"wpcf7-f488-o1\" \/>\n<input type=\"hidden\" name=\"_wpcf7_container_post\" value=\"0\" \/>\n<input type=\"hidden\" name=\"_wpcf7cf_hidden_group_fields\" value=\"\" \/>\n<input type=\"hidden\" name=\"_wpcf7cf_hidden_groups\" value=\"\" \/>\n<input type=\"hidden\" name=\"_wpcf7cf_visible_groups\" value=\"\" \/>\n<input type=\"hidden\" name=\"_wpcf7cf_repeaters\" value=\"[]\" \/>\n<input type=\"hidden\" name=\"_wpcf7cf_steps\" value=\"{}\" \/>\n<input type=\"hidden\" name=\"_wpcf7cf_options\" value=\"{&quot;form_id&quot;:488,&quot;conditions&quot;:[],&quot;settings&quot;:{&quot;animation&quot;:&quot;yes&quot;,&quot;animation_intime&quot;:200,&quot;animation_outtime&quot;:200,&quot;conditions_ui&quot;:&quot;normal&quot;,&quot;notice_dismissed&quot;:false}}\" \/>\n<\/div>\n<p>Para Consultar el estado de tus solicitudes de cursos indica tu DNI\/NIF y te enviaremos un correo electr\u00f3nico al email que indicaste en dichas solicitudes.<\/p>\n<span> Tu DNI\/NIF (requerido)\n    <span class=\"wpcf7-form-control-wrap DNI-NIF\"><input type=\"text\" name=\"DNI-NIF\" value=\"\" size=\"40\" class=\"wpcf7-form-control wpcf7-text wpcf7-validates-as-required\" aria-required=\"true\" aria-invalid=\"false\" \/><\/span> <\/span>\n<span class=\"wpcf7-form-control-wrap ppd\"><span class=\"wpcf7-form-control wpcf7-acceptance\"><span class=\"wpcf7-list-item\"><label><input type=\"checkbox\" name=\"ppd\" value=\"1\" aria-invalid=\"false\" \/><span class=\"wpcf7-list-item-label\">He leido y acepto la pol\u00edtica de protecci\u00f3n de datos<\/span><\/label><\/span><\/span><\/span>\n<small>DE CONFORMIDAD CON LO DISPUESTO EN EL ART\u00cdCULO 5.1 DE LA LEY ORG\u00c1NICA 15\/1999, DE 13 DE DICIEMBRE, DE PROTECCI\u00d3N DE DATOS DE CAR\u00c1CTER PERSONAL, LE INFORMAMOS DE QUE SUS DATOS DE CAR\u00c1CTER PERSONAL SER\u00c1N INCORPORADOS A UN DICHERO DE FORMACI\u00d3N RESPONSABILIDAD DE LA DIPUTACI\u00d3N PROVINCIAL DE GUADALAJARA CUYO OBJETIVO ES LA GESTI\u00d3N DE SOLICITUDES Y DE LOS CURSOS DE FORMACI\u00d3N, EN EL CASO DE QUE SU CURSO REQUIERA DE UN SERVICIO DE FORMACI\u00d3N EXTERNO, SE LE INFORMA QUE SUS DATOS SER\u00c1N CEDIDOS A LA ADMINISTRACI\u00d3N, FORMADOR O EMPRESA DE FORMACI\u00d3N PARA LA IMPARTICI\u00d3N DEL CURSO, CONTROL DE ASISTENCIA Y CALIFICACI\u00d3N.\nTAMBI\u00c9N PODR\u00c1N SER UTILIZADOS PARA ENV\u00cdO DE PUBLICIDAD SOBRE EL PLAN DE FORMACI\u00d3N CONTINUA AGRUPADO. AS\u00cd COMO PARA ESTUDIOS DE INVESTIGACI\u00d3N RELACIONADOS CON LA FORMACI\u00d3N.\nPUEDEN EJERCITAR SUS DERECHOS DE ACCESO, CANCELACI\u00d3N, RECTIFICACI\u00d3N Y\/U OPOSICI\u00d3N SOBRE SUS DATOS PERSONALES EN LOS T\u00c9RMINOS ESTABLECIDOS EN LA CITADA LEY, PREVIA ACREDITACI\u00d3N DE SU IDENTIDAD MEDIANTE FOTOCOPIA DEL DNI. Y POR ESCRITO, EN LA PLAZA MORENO, 10, GUADALAJARA.\nILMO. SR. PRESIDENTE DE LA EXCMA. DIPUTACI\u00d3N PROVINCIAL DE GUADALAJARA<\/small>\n\n<div class=\"anr_captcha_field\"><div id=\"anr_captcha_field_1\" class=\"anr_captcha_field_div\"><\/div><\/div><span class=\"wpcf7-form-control-wrap g-recaptcha-response\"><span class=\"wpcf7-form-control\"><\/span><\/span>\n\n<input type=\"submit\" value=\"Enviar\" class=\"wpcf7-form-control wpcf7-submit\" \/><div class=\"wpcf7-response-output wpcf7-display-none\"><\/div><\/form><\/div>\n","protected":false},"excerpt":{"rendered":"","protected":false},"author":1,"featured_media":0,"parent":0,"menu_order":0,"comment_status":"closed","ping_status":"closed","template":"default.php","meta":[],"_links":{"self":[{"href":"https:\/\/formacion.dguadalajara.es\/index.php?rest_route=\/wp\/v2\/pages\/489"}],"collection":[{"href":"https:\/\/formacion.dguadalajara.es\/index.php?rest_route=\/wp\/v2\/pages"}],"about":[{"href":"https:\/\/formacion.dguadalajara.es\/index.php?rest_route=\/wp\/v2\/types\/page"}],"author":[{"embeddable":true,"href":"https:\/\/formacion.dguadalajara.es\/index.php?rest_route=\/wp\/v2\/users\/1"}],"replies":[{"embeddable":true,"href":"https:\/\/formacion.dguadalajara.es\/index.php?rest_route=%2Fwp%2Fv2%2Fcomments&post=489"}],"version-history":[{"count":5,"href":"https:\/\/formacion.dguadalajara.es\/index.php?rest_route=\/wp\/v2\/pages\/489\/revisions"}],"predecessor-version":[{"id":497,"href":"https:\/\/formacion.dguadalajara.es\/index.php?rest_route=\/wp\/v2\/pages\/489\/revisions\/497"}],"wp:attachment":[{"href":"https:\/\/formacion.dguadalajara.es\/index.php?rest_route=%2Fwp%2Fv2%2Fmedia&parent=489"}],"curies":[{"name":"wp","href":"https:\/\/api.w.org\/{rel}","templated":true}]}}