{"id":7,"date":"2018-12-04T11:54:57","date_gmt":"2018-12-04T11:54:57","guid":{"rendered":"http:\/\/192.168.1.55\/dformacion\/?page_id=7"},"modified":"2026-04-04T10:28:36","modified_gmt":"2026-04-04T10:28:36","slug":"inicio","status":"publish","type":"page","link":"https:\/\/formacion.dguadalajara.es\/","title":{"rendered":"Inicio"},"content":{"rendered":"<p>&nbsp;<\/p>\n<h3><strong>***** IMPORTANTE\u00a0 *****<\/strong><\/h3>\n<h3><strong>*** SI NO RECUERDAS EL USUARIO Y LA CONTRASE\u00d1A PARA INSCRIBIRTE EN LAS DIFERENTES ACCIONES FORMATIVAS, P\u00cdDELAS EN EL DEPARTAMENTO DE FORMACI\u00d3N.<\/strong><\/h3>\n<h3>*** SI CINCO D\u00cdAS ANTES DE LA FECHA DE INICIO DE LA ACCI\u00d3N FORMATIVA A LA QUE TE HAS INSCRITO NO HAS RECIBIDO LA CONFIRMACI\u00d3N DE LA ADMISI\u00d3N, HAS DE ENTENDER QUE NO HAS SIDO ADMITIDO A ESA ACCI\u00d3N FORMATIVA.<\/h3>\n<p>&nbsp;<\/p>\n<h4><strong>R\u00c9GIMEN FORMATIVO DE LOS PLANES DE FORMACI\u00d3N.<\/strong><\/h4>\n<p>1.- El env\u00edo de la <strong>SOLICITUD <\/strong>telem\u00e1tica, debidamente cumplimentada, supone la aceptaci\u00f3n expresa de las normas y procedimientos que rigen las acciones formativas.<\/p>\n<p>2.- Las personas seleccionadas deben contar con la <b>AUTORIZACI\u00d3N <\/b>del superior jer\u00e1rquico desde el momento en el que acepta la admisi\u00f3n a la acci\u00f3n formativa solicitada.<\/p>\n<p>3.- La <b>RENUNCIA <\/b>a una acci\u00f3n formativa, sin justificaci\u00f3n suficiente, una vez confirmada y comunicada la admisi\u00f3n del alumno\/a por parte del Departamento de Formaci\u00f3n, ser\u00e1 tenida en consideraci\u00f3n para futuras convocatorias.<\/p>\n<p>4.- Las personas seleccionadas que no observen las <strong>REGLAS ELEMENTALES<\/strong> de respeto y consideraci\u00f3n hacia personal docente, participantes o personal de Formaci\u00f3n, podr\u00e1n ser excluidas de las actividades formativas en las que est\u00e9n participando y de futuras convocatorias.<\/p>\n<p>5.- Los alumnos habr\u00e1n de asistir y conectarse con regularidad, por lo tanto, una<strong>\u00a0INASISTENCIA O DESCONEXI\u00d3N<\/strong>\u00a0superior al 15 por ciento en el c\u00f3mputo total de horas lectivas programadas imposibilitar\u00e1 la expedici\u00f3n de la certificaci\u00f3n y dar\u00e1 lugar a la baja en la acci\u00f3n formativa con p\u00e9rdida de todos los derechos.<\/p>\n<p>6.- La <strong>DESCONEXI\u00d3N O INASISTENCIA<\/strong>, sin previo aviso o justificaci\u00f3n suficiente, de los\/as alumnos\/as seleccionados\/as para participar en la acci\u00f3n formativa podr\u00e1 determinar su exclusi\u00f3n en convocatorias posteriores.<\/p>\n<h4><\/h4>\n<h4><strong>PLAN DE FORMACI\u00d3N PARA EL PERSONAL DE LA ADMINISTRACI\u00d3N LOCAL DE LA PROVINCIA DE GUADALAJARA.<\/strong><\/h4>\n<p>El Plan de Formaci\u00f3n de la Diputaci\u00f3n Provincial de Guadalajara va dirigido a las empleadas\/os p\u00fablicos de la Diputaci\u00f3n Provincial de Guadalajara y , as\u00ed mismo, a las empleadas\/os p\u00fablicos de las Entidades Locales de la provincia de Guadalajara.<\/p>\n<p>La Diputaci\u00f3n Provincial considera como uno de sus objetivos el de prestar asistencia t\u00e9cnica, apoyo y asesoramiento a los Ayuntamiento de la Provincia mediante acciones de formaci\u00f3n\/reciclaje para sus empleadas\/os.<\/p>\n<p>La Diputaci\u00f3n Provincial apuesta por el desarrollo de la actividad profesional de las empleadas\/os p\u00fablicos locales de la provincia, de manera que se garanticen unos servicios p\u00fablicos de calidad para los ciudadanos. Por ello invertir en formaci\u00f3n es fundamental para el \u00e9xito de las iniciativas municipales.<\/p>\n<p>Es de inter\u00e9s de esta Diputaci\u00f3n Provincial el mantener la relaci\u00f3n que se tiene con los Ayuntamientos y dem\u00e1s EE.LL., incrementando la red de personas colaboradoras en la formaci\u00f3n.<\/p>\n<p>As\u00ed mismo, programar acciones formativas descentralizadas para motivar y facilitar la participaci\u00f3n de los empleados p\u00fablicos que trabajan en Entidades Locales peque\u00f1as y para los que la distancia de la capital puede considerarse un obst\u00e1culo para la realizaci\u00f3n de los cursos. Es decir, acercar la formaci\u00f3n a los distintos centros de trabajo en la medida de lo posible.<\/p>\n<p>Mantener el seguimiento, asistencia y el env\u00edo y la recepci\u00f3n de cuestionarios de evaluaci\u00f3n a los participantes de la modalidad de on-line o videoconferencia. As\u00ed como la ayuda y asistencia a los ponentes en aquellas cuestiones que precisen.<\/p>\n<p>Fomentar la formaci\u00f3n presencial para aquellos cursos que por sus caracter\u00edsticas resulte imprescindible la formaci\u00f3n pr\u00e1ctica.<\/p>\n<p>Y as\u00ed mismo, la formaci\u00f3n semipresencial y on-line para facilitar el acceso a la formaci\u00f3n continua de aquellos empleados p\u00fablicos que tienen dif\u00edcil el acceso a la formaci\u00f3n presencial, y as\u00ed mismo, por la alta satisfacci\u00f3n de los participantes, sin duda esta satisfacci\u00f3n est\u00e1 relacionada con la alta cualificaci\u00f3n y las habilidades de los ponentes en esta modalidad de impartici\u00f3n.<\/p>\n<p>El Plan de Formaci\u00f3n para el presente a\u00f1o\u00a0ha sido dise\u00f1ado en dos direcciones muy concretas:<\/p>\n<p>1.- PLAN DIPUTACION. Formaci\u00f3n financiada con fondos propios y dirigido principalmente a empleadas\/os de la Diputaci\u00f3n Provincial de Guadalajara.<\/p>\n<p>2.-PLAN AGRUPADO DIPUTACI\u00d3N PROVINCIAL DE GUADALAJARA. Formaci\u00f3n financiada por la Junta de Comunidades de Castilla-La Mancha. Esta formaci\u00f3n est\u00e1 dirigida, principalmente, a las\/os empleadas\/os p\u00fablicos de las Entidades Locales adheridas a dicho PLAN AGRUPADO.<\/p>\n<p>Por \u00faltimo, hay que resaltar que son muchos los intervinientes para que la formaci\u00f3n de los empleados\/as p\u00fablicos sea una realidad (alumnos\/as, ponentes, personal de los centros de trabajo, personal de los servicios que intervienen en los procesos administrativos, Departamento de Formaci\u00f3n, etc.,) por eso, queremos poner en valor que, sin la colaboraci\u00f3n de todos no ser\u00eda posible sacar adelante la formaci\u00f3n de los empleados\/as p\u00fablicos.<\/p>\n","protected":false},"excerpt":{"rendered":"<p>&nbsp; ***** IMPORTANTE\u00a0 ***** *** SI NO RECUERDAS EL USUARIO Y LA CONTRASE\u00d1A PARA INSCRIBIRTE EN LAS DIFERENTES ACCIONES FORMATIVAS, P\u00cdDELAS EN EL DEPARTAMENTO DE FORMACI\u00d3N. *** SI CINCO D\u00cdAS ANTES DE LA FECHA DE INICIO DE LA ACCI\u00d3N FORMATIVA A LA QUE TE HAS INSCRITO NO HAS RECIBIDO LA CONFIRMACI\u00d3N DE LA ADMISI\u00d3N, HAS [&hellip;]<\/p>\n","protected":false},"author":1,"featured_media":13,"parent":0,"menu_order":0,"comment_status":"closed","ping_status":"closed","template":"default.php","meta":[],"_links":{"self":[{"href":"https:\/\/formacion.dguadalajara.es\/index.php?rest_route=\/wp\/v2\/pages\/7"}],"collection":[{"href":"https:\/\/formacion.dguadalajara.es\/index.php?rest_route=\/wp\/v2\/pages"}],"about":[{"href":"https:\/\/formacion.dguadalajara.es\/index.php?rest_route=\/wp\/v2\/types\/page"}],"author":[{"embeddable":true,"href":"https:\/\/formacion.dguadalajara.es\/index.php?rest_route=\/wp\/v2\/users\/1"}],"replies":[{"embeddable":true,"href":"https:\/\/formacion.dguadalajara.es\/index.php?rest_route=%2Fwp%2Fv2%2Fcomments&post=7"}],"version-history":[{"count":28,"href":"https:\/\/formacion.dguadalajara.es\/index.php?rest_route=\/wp\/v2\/pages\/7\/revisions"}],"predecessor-version":[{"id":1367,"href":"https:\/\/formacion.dguadalajara.es\/index.php?rest_route=\/wp\/v2\/pages\/7\/revisions\/1367"}],"wp:featuredmedia":[{"embeddable":true,"href":"https:\/\/formacion.dguadalajara.es\/index.php?rest_route=\/wp\/v2\/media\/13"}],"wp:attachment":[{"href":"https:\/\/formacion.dguadalajara.es\/index.php?rest_route=%2Fwp%2Fv2%2Fmedia&parent=7"}],"curies":[{"name":"wp","href":"https:\/\/api.w.org\/{rel}","templated":true}]}}